{"id":224,"date":"2021-11-19T15:06:40","date_gmt":"2021-11-19T14:06:40","guid":{"rendered":"https:\/\/www.kats-reiseblog.de\/?page_id=224"},"modified":"2022-11-17T09:30:37","modified_gmt":"2022-11-17T08:30:37","slug":"tag-72-barbados","status":"publish","type":"page","link":"https:\/\/www.kats-reiseblog.de\/index.php\/tag-72-barbados\/","title":{"rendered":"Tag 72 \u2013 Barbados"},"content":{"rendered":"\t\t<div data-elementor-type=\"wp-page\" data-elementor-id=\"224\" class=\"elementor elementor-224\">\n\t\t\t\t\t\t<section class=\"elementor-section elementor-top-section elementor-element elementor-element-bd21988 elementor-section-boxed elementor-section-height-default elementor-section-height-default\" data-id=\"bd21988\" data-element_type=\"section\" data-e-type=\"section\" data-settings=\"{&quot;background_background&quot;:&quot;classic&quot;}\">\n\t\t\t\t\t\t<div class=\"elementor-container elementor-column-gap-default\">\n\t\t\t\t\t<div class=\"elementor-column elementor-col-100 elementor-top-column elementor-element elementor-element-d36b454\" data-id=\"d36b454\" data-element_type=\"column\" data-e-type=\"column\">\n\t\t\t<div class=\"elementor-widget-wrap\">\n\t\t\t\t\t\t\t<\/div>\n\t\t<\/div>\n\t\t\t\t\t<\/div>\n\t\t<\/section>\n\t\t\t\t<section class=\"elementor-section elementor-top-section elementor-element elementor-element-1347b6b elementor-section-stretched elementor-section-boxed elementor-section-height-default elementor-section-height-default\" data-id=\"1347b6b\" data-element_type=\"section\" data-e-type=\"section\" data-settings=\"{&quot;stretch_section&quot;:&quot;section-stretched&quot;}\">\n\t\t\t\t\t\t<div class=\"elementor-container elementor-column-gap-default\">\n\t\t\t\t\t<div class=\"elementor-column elementor-col-100 elementor-top-column elementor-element elementor-element-3457e9e\" data-id=\"3457e9e\" data-element_type=\"column\" data-e-type=\"column\">\n\t\t\t<div class=\"elementor-widget-wrap elementor-element-populated\">\n\t\t\t\t\t\t<div class=\"elementor-element elementor-element-7ea0a7a elementor-widget elementor-widget-heading\" data-id=\"7ea0a7a\" data-element_type=\"widget\" data-e-type=\"widget\" data-widget_type=\"heading.default\">\n\t\t\t\t<div class=\"elementor-widget-container\">\n\t\t\t\t\t<h2 class=\"elementor-heading-title elementor-size-default\">Tag 72 \u2013 Barbados<\/h2>\t\t\t\t<\/div>\n\t\t\t\t<\/div>\n\t\t\t\t\t<\/div>\n\t\t<\/div>\n\t\t\t\t\t<\/div>\n\t\t<\/section>\n\t\t\t\t<section class=\"elementor-section elementor-top-section elementor-element elementor-element-1627c5c elementor-section-full_width elementor-section-stretched elementor-section-height-default elementor-section-height-default\" data-id=\"1627c5c\" data-element_type=\"section\" data-e-type=\"section\" data-settings=\"{&quot;stretch_section&quot;:&quot;section-stretched&quot;}\">\n\t\t\t\t\t\t<div class=\"elementor-container elementor-column-gap-default\">\n\t\t\t\t\t<div class=\"elementor-column elementor-col-50 elementor-top-column elementor-element elementor-element-5fc3a8d\" data-id=\"5fc3a8d\" data-element_type=\"column\" data-e-type=\"column\">\n\t\t\t<div class=\"elementor-widget-wrap elementor-element-populated\">\n\t\t\t\t\t\t<div class=\"elementor-element elementor-element-6fa6cf2 elementor-widget elementor-widget-text-editor\" data-id=\"6fa6cf2\" data-element_type=\"widget\" data-e-type=\"widget\" data-widget_type=\"text-editor.default\">\n\t\t\t\t<div class=\"elementor-widget-container\">\n\t\t\t\t\t\t\t\t\t<p><span data-offset-key=\"enb59-0-0\">Wir haben es endlich in die Karibik geschafft Leute! Wir sind gestern in Barbados angekommen, und Leute, ich kann gar nicht <\/span><span id=\"decorator-corrected-entity-id-155\" data-entity-key=\"155\" data-offset-key=\"enb59-1-0\"><span data-offset-key=\"enb59-1-0\">sagen, wie<\/span><\/span><span data-offset-key=\"enb59-2-0\"> sch\u00f6n es hier ist! Der Hafen ist der Hammer! Eine riesige <\/span><mark class=\"pad__mark pad__mark--inline-advice pad__mark--in-focus\" data-entity-key=\"159\" data-offset-key=\"enb59-3-0\" data-highlight-entity-key=\"159\"><span data-offset-key=\"enb59-3-0\">Yacht<\/span><\/mark><span data-offset-key=\"enb59-4-0\"> neben der anderen. Mal <\/span><span id=\"decorator-corrected-entity-id-158\" data-entity-key=\"158\" data-offset-key=\"enb59-5-0\"><span data-offset-key=\"enb59-5-0\">sehen, ob<\/span><\/span><span data-offset-key=\"enb59-6-0\"> ich hier nicht mal die ein oder andere Bekanntschaft mache \ud83d\ude09. Ich bin froh, endlich mal aus meinem Zimmer rauszukommen, ich kann die dicke drei auf der T\u00fcr schon langsam nicht mehr sehen. Ich werde heute Abend in einem Hotel auf Barbados einchecken, um einfach mal ein normales Zimmer, ein normales Badezimmer zu haben.<\/span><\/p>\t\t\t\t\t\t\t\t<\/div>\n\t\t\t\t<\/div>\n\t\t\t\t\t<\/div>\n\t\t<\/div>\n\t\t\t\t<div class=\"elementor-column elementor-col-50 elementor-top-column elementor-element elementor-element-cc49331\" data-id=\"cc49331\" data-element_type=\"column\" data-e-type=\"column\">\n\t\t\t<div class=\"elementor-widget-wrap elementor-element-populated\">\n\t\t\t\t\t\t<div class=\"elementor-element elementor-element-ea36263 elementor-widget elementor-widget-text-editor\" data-id=\"ea36263\" data-element_type=\"widget\" data-e-type=\"widget\" data-widget_type=\"text-editor.default\">\n\t\t\t\t<div class=\"elementor-widget-container\">\n\t\t\t\t\t\t\t\t\t<p>Auch wenn ich diesen Katamaran liebe und \u2013 ihr wisst es \u2013 mich schon riesig darauf freue, wenn er bald mir geh\u00f6rt, freue ich mich auch nach so einer langen Zeit mal nicht mit Wellengang einzuschlafen. Ich habe f\u00fcr euch heute schon ein paar erste Eindr\u00fccke von Barbados eingefangen. Wahnsinn oder?<\/p><p>\u00a0<\/p><div class=\"\" data-block=\"true\" data-editor=\"bioql\" data-offset-key=\"bbn88-0-0\"><div class=\"public-DraftStyleDefault-block public-DraftStyleDefault-ltr\" data-offset-key=\"bbn88-0-0\"><span data-offset-key=\"bbn88-0-0\">Susanne, Emma und Daniel haben sich heute \u00fcbrigens verabschiedet, da sie <\/span><span id=\"decorator-corrected-entity-id-164\" data-entity-key=\"164\" data-offset-key=\"bbn88-1-0\"><span data-offset-key=\"bbn88-1-0\">erst mal<\/span><\/span><span data-offset-key=\"bbn88-2-0\"> allein reisen und dann erst wieder auf Guadeloupe dazu sto\u00dfen. Als w\u00fcrde Daniel vor mir fl\u00fcchten \ud83d\ude09<\/span><\/div><\/div><div class=\"\" data-block=\"true\" data-editor=\"bioql\" data-offset-key=\"co8qr-0-0\"><div class=\"public-DraftStyleDefault-block public-DraftStyleDefault-ltr\" data-offset-key=\"co8qr-0-0\"><span data-offset-key=\"co8qr-0-0\">See <\/span><mark class=\"pad__mark pad__mark--inline-advice pad__mark--in-focus\" data-entity-key=\"165\" data-offset-key=\"co8qr-1-0\" data-highlight-entity-key=\"165\"><span data-offset-key=\"co8qr-1-0\">you<\/span><\/mark> <mark class=\"pad__mark pad__mark--inline-advice\" data-entity-key=\"166\" data-offset-key=\"co8qr-3-0\" data-highlight-entity-key=\"166\"><span data-offset-key=\"co8qr-3-0\">soon<\/span><\/mark><span data-offset-key=\"co8qr-4-0\"> loves.<\/span><\/div><\/div><div class=\"\" data-block=\"true\" data-editor=\"bioql\" data-offset-key=\"e840f-0-0\"><div class=\"public-DraftStyleDefault-block public-DraftStyleDefault-ltr\" data-offset-key=\"e840f-0-0\"><mark class=\"pad__mark pad__mark--inline-advice\" data-entity-key=\"167\" data-offset-key=\"e840f-0-0\" data-highlight-entity-key=\"167\"><span data-offset-key=\"e840f-0-0\">XOXO<\/span><\/mark><span data-offset-key=\"e840f-1-0\"> Kats<\/span><\/div><\/div>\t\t\t\t\t\t\t\t<\/div>\n\t\t\t\t<\/div>\n\t\t\t\t\t<\/div>\n\t\t<\/div>\n\t\t\t\t\t<\/div>\n\t\t<\/section>\n\t\t\t\t<section class=\"elementor-section elementor-top-section elementor-element elementor-element-2c06a6e elementor-section-boxed elementor-section-height-default elementor-section-height-default\" data-id=\"2c06a6e\" data-element_type=\"section\" data-e-type=\"section\">\n\t\t\t\t\t\t<div class=\"elementor-container elementor-column-gap-default\">\n\t\t\t\t\t<div class=\"elementor-column elementor-col-100 elementor-top-column elementor-element elementor-element-8b2e1b2\" data-id=\"8b2e1b2\" data-element_type=\"column\" data-e-type=\"column\">\n\t\t\t<div class=\"elementor-widget-wrap elementor-element-populated\">\n\t\t\t\t\t\t<div class=\"elementor-element elementor-element-d6b588b elementor-widget elementor-widget-image\" data-id=\"d6b588b\" data-element_type=\"widget\" data-e-type=\"widget\" data-widget_type=\"image.default\">\n\t\t\t\t<div class=\"elementor-widget-container\">\n\t\t\t\t\t\t\t\t\t\t\t\t\t\t\t<img fetchpriority=\"high\" decoding=\"async\" width=\"1024\" height=\"683\" src=\"https:\/\/www.kats-reiseblog.de\/wp-content\/uploads\/2022\/11\/Barbados-1024x683.jpeg\" class=\"attachment-large size-large wp-image-546\" alt=\"\" srcset=\"https:\/\/www.kats-reiseblog.de\/wp-content\/uploads\/2022\/11\/Barbados-1024x683.jpeg 1024w, https:\/\/www.kats-reiseblog.de\/wp-content\/uploads\/2022\/11\/Barbados-300x200.jpeg 300w, https:\/\/www.kats-reiseblog.de\/wp-content\/uploads\/2022\/11\/Barbados-768x512.jpeg 768w, https:\/\/www.kats-reiseblog.de\/wp-content\/uploads\/2022\/11\/Barbados-1536x1024.jpeg 1536w, https:\/\/www.kats-reiseblog.de\/wp-content\/uploads\/2022\/11\/Barbados-2048x1365.jpeg 2048w\" sizes=\"(max-width: 1024px) 100vw, 1024px\" \/>\t\t\t\t\t\t\t\t\t\t\t\t\t\t\t<\/div>\n\t\t\t\t<\/div>\n\t\t\t\t<div class=\"elementor-element elementor-element-64c0912 elementor-widget elementor-widget-text-editor\" data-id=\"64c0912\" data-element_type=\"widget\" data-e-type=\"widget\" data-widget_type=\"text-editor.default\">\n\t\t\t\t<div class=\"elementor-widget-container\">\n\t\t\t\t\t\t\t\t\t<p>Datum | Autor: Kats | Kommentare 0<\/p>\t\t\t\t\t\t\t\t<\/div>\n\t\t\t\t<\/div>\n\t\t\t\t\t<\/div>\n\t\t<\/div>\n\t\t\t\t\t<\/div>\n\t\t<\/section>\n\t\t\t\t<section class=\"elementor-section elementor-top-section elementor-element elementor-element-ed03159 elementor-section-stretched elementor-section-boxed elementor-section-height-default elementor-section-height-default\" data-id=\"ed03159\" data-element_type=\"section\" data-e-type=\"section\" data-settings=\"{&quot;stretch_section&quot;:&quot;section-stretched&quot;}\">\n\t\t\t\t\t\t<div class=\"elementor-container elementor-column-gap-default\">\n\t\t\t\t\t<div class=\"elementor-column elementor-col-100 elementor-top-column elementor-element elementor-element-6d37418\" data-id=\"6d37418\" data-element_type=\"column\" data-e-type=\"column\">\n\t\t\t<div class=\"elementor-widget-wrap elementor-element-populated\">\n\t\t\t\t\t\t<div class=\"elementor-element elementor-element-3007868 elementor-widget elementor-widget-heading\" data-id=\"3007868\" data-element_type=\"widget\" data-e-type=\"widget\" data-widget_type=\"heading.default\">\n\t\t\t\t<div class=\"elementor-widget-container\">\n\t\t\t\t\t<h2 class=\"elementor-heading-title elementor-size-default\">Kommentare<\/h2>\t\t\t\t<\/div>\n\t\t\t\t<\/div>\n\t\t\t\t\t<\/div>\n\t\t<\/div>\n\t\t\t\t\t<\/div>\n\t\t<\/section>\n\t\t\t\t<\/div>\n\t\t","protected":false},"excerpt":{"rendered":"<p>Tag 72 \u2013 Barbados Wir haben es endlich in die Karibik geschafft Leute! Wir sind gestern in Barbados angekommen, und Leute, ich kann gar nicht sagen, wie sch\u00f6n es hier ist! Der Hafen ist der Hammer! Eine riesige Yacht neben der anderen. Mal sehen, ob ich hier nicht mal die ein oder andere Bekanntschaft mache [&hellip;]<\/p>\n","protected":false},"author":1,"featured_media":0,"parent":0,"menu_order":0,"comment_status":"closed","ping_status":"closed","template":"","meta":{"site-sidebar-layout":"no-sidebar","site-content-layout":"page-builder","ast-site-content-layout":"default","site-content-style":"default","site-sidebar-style":"default","ast-global-header-display":"","ast-banner-title-visibility":"","ast-main-header-display":"","ast-hfb-above-header-display":"","ast-hfb-below-header-display":"","ast-hfb-mobile-header-display":"","site-post-title":"disabled","ast-breadcrumbs-content":"","ast-featured-img":"disabled","footer-sml-layout":"","ast-disable-related-posts":"","theme-transparent-header-meta":"","adv-header-id-meta":"","stick-header-meta":"","header-above-stick-meta":"","header-main-stick-meta":"","header-below-stick-meta":"","astra-migrate-meta-layouts":"default","ast-page-background-enabled":"default","ast-page-background-meta":{"desktop":{"background-color":"var(--ast-global-color-4)","background-image":"","background-repeat":"repeat","background-position":"center center","background-size":"auto","background-attachment":"scroll","background-type":"","background-media":"","overlay-type":"","overlay-color":"","overlay-opacity":"","overlay-gradient":""},"tablet":{"background-color":"","background-image":"","background-repeat":"repeat","background-position":"center center","background-size":"auto","background-attachment":"scroll","background-type":"","background-media":"","overlay-type":"","overlay-color":"","overlay-opacity":"","overlay-gradient":""},"mobile":{"background-color":"","background-image":"","background-repeat":"repeat","background-position":"center center","background-size":"auto","background-attachment":"scroll","background-type":"","background-media":"","overlay-type":"","overlay-color":"","overlay-opacity":"","overlay-gradient":""}},"ast-content-background-meta":{"desktop":{"background-color":"var(--ast-global-color-5)","background-image":"","background-repeat":"repeat","background-position":"center center","background-size":"auto","background-attachment":"scroll","background-type":"","background-media":"","overlay-type":"","overlay-color":"","overlay-opacity":"","overlay-gradient":""},"tablet":{"background-color":"var(--ast-global-color-5)","background-image":"","background-repeat":"repeat","background-position":"center center","background-size":"auto","background-attachment":"scroll","background-type":"","background-media":"","overlay-type":"","overlay-color":"","overlay-opacity":"","overlay-gradient":""},"mobile":{"background-color":"var(--ast-global-color-5)","background-image":"","background-repeat":"repeat","background-position":"center center","background-size":"auto","background-attachment":"scroll","background-type":"","background-media":"","overlay-type":"","overlay-color":"","overlay-opacity":"","overlay-gradient":""}},"footnotes":""},"class_list":["post-224","page","type-page","status-publish","hentry"],"_links":{"self":[{"href":"https:\/\/www.kats-reiseblog.de\/index.php\/wp-json\/wp\/v2\/pages\/224","targetHints":{"allow":["GET"]}}],"collection":[{"href":"https:\/\/www.kats-reiseblog.de\/index.php\/wp-json\/wp\/v2\/pages"}],"about":[{"href":"https:\/\/www.kats-reiseblog.de\/index.php\/wp-json\/wp\/v2\/types\/page"}],"author":[{"embeddable":true,"href":"https:\/\/www.kats-reiseblog.de\/index.php\/wp-json\/wp\/v2\/users\/1"}],"replies":[{"embeddable":true,"href":"https:\/\/www.kats-reiseblog.de\/index.php\/wp-json\/wp\/v2\/comments?post=224"}],"version-history":[{"count":5,"href":"https:\/\/www.kats-reiseblog.de\/index.php\/wp-json\/wp\/v2\/pages\/224\/revisions"}],"predecessor-version":[{"id":629,"href":"https:\/\/www.kats-reiseblog.de\/index.php\/wp-json\/wp\/v2\/pages\/224\/revisions\/629"}],"wp:attachment":[{"href":"https:\/\/www.kats-reiseblog.de\/index.php\/wp-json\/wp\/v2\/media?parent=224"}],"curies":[{"name":"wp","href":"https:\/\/api.w.org\/{rel}","templated":true}]}}